{"id":3973,"date":"2026-05-07T16:31:37","date_gmt":"2026-05-07T16:31:37","guid":{"rendered":"https:\/\/fundacionculturaarteypaz.org\/?page_id=3973"},"modified":"2026-05-07T17:02:45","modified_gmt":"2026-05-07T17:02:45","slug":"donar","status":"publish","type":"page","link":"https:\/\/fundacionculturaarteypaz.org\/en\/donar\/","title":{"rendered":"Donate"},"content":{"rendered":"<div class=\"wp-block-uagb-container uagb-block-a79bbcd0 alignfull uagb-is-root-container\"><div class=\"uagb-container-inner-blocks-wrap\">\n<div class=\"wp-block-uagb-image uagb-block-d758d1c6 wp-block-uagb-image--layout-default wp-block-uagb-image--effect-static wp-block-uagb-image--align-none\"><figure class=\"wp-block-uagb-image__figure\"><img decoding=\"async\" srcset=\"https:\/\/fundacionculturaarteypaz.org\/wp-content\/uploads\/2026\/05\/donaciones-1.png ,https:\/\/fundacionculturaarteypaz.org\/wp-content\/uploads\/2026\/05\/donaciones-1.png 780w, https:\/\/fundacionculturaarteypaz.org\/wp-content\/uploads\/2026\/05\/donaciones-1.png 360w\" sizes=\"auto, (max-width: 480px) 150px\" src=\"https:\/\/fundacionculturaarteypaz.org\/wp-content\/uploads\/2026\/05\/donaciones-1.png\" alt=\"donaciones\" class=\"uag-image-3983\" width=\"1983\" height=\"288\" title=\"donaciones\" loading=\"lazy\" role=\"img\"\/><\/figure><\/div>\n\n\n\n<div class=\"wp-block-uagb-container uagb-block-d3d3c267\">\n<p>Cada aporte transforma vidas. Con tu donaci\u00f3n, ayudas a que ni\u00f1os, j\u00f3venes y familias tengan acceso a espacios de formaci\u00f3n, cultura, recreaci\u00f3n y oportunidades que fortalecen su futuro. En la Fundaci\u00f3n SOY CAPAZ creemos en el poder de las peque\u00f1as acciones para generar grandes cambios en la comunidad. Hoy puedes convertirte en parte de esa transformaci\u00f3n y sembrar esperanza donde m\u00e1s se necesita.<\/p>\n<\/div>\n\n\n\n<style>\n.donation-wrapper{\n    max-width:100%;\n    margin:auto;\n    padding:10px;\n    background:#fff;\n    text-align:center;\n}\n\n.donation-title{\n    font-size:32px;\n    font-weight:bold;\n    margin-bottom:20px;\n}\n\n.donation-subtitle{\n    font-size:22px;\n    margin-bottom:20px;\n}\n\n.donation-options{\n    display:flex;\n    gap:15px;\n    flex-wrap:wrap;\n    justify-content:center;\n    margin-bottom:20px;\n}\n\n.donation-btn{\n    padding:15px 25px;\n    border:none;\n    border-radius:12px;\n    background:#cccccc;\n    cursor:pointer;\n    font-size:18px;\n    transition:.3s;\n}\n\n.donation-btn.active{\n    background:#0a7cff;\n    color:#fff;\n}\n\n#otherAmount{\n    display:none;\n    margin-top:15px;\n    padding:15px;\n    width:250px;\n    border-radius:10px;\n    border:1px solid #ccc;\n    font-size:18px;\n}\n\n#donateNow{\n    margin-top:10px;\n    background:#00a859;\n    color:#fff;\n    padding:18px 40px;\n    margin-bottom: 30px;\n    border:none;\n    border-radius:14px;\n    font-size:20px;\n    cursor:pointer;\n}\n<\/style>\n\n<div class=\"donation-wrapper\">\n\n    <div class=\"donation-title\">\n        Haz tu donaci\u00f3n\n    <\/div>\n\n    <div class=\"donation-subtitle\">\n        \u00bfC\u00f3mo deseas donar?\n    <\/div>\n\n    <div class=\"donation-options\">\n        <button class=\"donation-btn type-btn active\" data-type=\"unique\">\n            \u00danica\n        <\/button>\n\n        <button class=\"donation-btn type-btn\" data-type=\"monthly\">\n            Mensual\n        <\/button>\n    <\/div>\n\n    <div class=\"donation-subtitle\">\n        Selecciona un valor\n    <\/div>\n\n    <div class=\"donation-options\">\n\n        <button class=\"donation-btn amount-btn active\" data-amount=\"50000\">\n            $50.000\n        <\/button>\n\n        <button class=\"donation-btn amount-btn\" data-amount=\"100000\">\n            $100.000\n        <\/button>\n\n        <button class=\"donation-btn amount-btn\" data-amount=\"200000\">\n            $200.000\n        <\/button>\n\n        <button class=\"donation-btn amount-btn\" data-amount=\"500000\">\n            $500.000\n        <\/button>\n\n        <button class=\"donation-btn\" id=\"otherBtn\">\n            Otro valor\n        <\/button>\n\n    <\/div>\n\n    <input type=\"number\" id=\"otherAmount\" placeholder=\"Ingresa el valor\">\n\n    <br>\n\n    <button id=\"donateNow\">\n        Donar ahora\n    <\/button>\n\n<\/div>\n\n<script>\n\njQuery(function($){\n\n    let donationType = 'unique';\n    let donationAmount = 50000;\n\n    $('.type-btn').click(function(){\n\n        $('.type-btn').removeClass('active');\n\n        $(this).addClass('active');\n\n        donationType = $(this).data('type');\n\n    });\n\n    $('.amount-btn').click(function(){\n\n        $('.amount-btn').removeClass('active');\n\n        $(this).addClass('active');\n\n        donationAmount = $(this).data('amount');\n\n    });\n\n    $('#otherBtn').click(function(){\n\n        $('.amount-btn').removeClass('active');\n\n        $(this).addClass('active');\n\n        $('#otherAmount').show().focus();\n\n    });\n\n    $('#donateNow').click(function(){\n\n        if($('#otherAmount').is(':visible')){\n\n            donationAmount = $('#otherAmount').val();\n\n        }\n\n        if(!donationAmount || donationAmount < 1000){\n\n            alert('Ingresa un valor v\u00e1lido');\n\n            return;\n\n        }\n\n        $.post('\/wp-admin\/admin-ajax.php', {\n\n            action: 'foundation_create_donation',\n            type: donationType,\n            amount: donationAmount\n\n        }, function(response){\n\n            if(response.checkout_url){\n\n                window.location.href = response.checkout_url;\n\n            }\n\n        });\n\n    });\n\n});\n\n<\/script>\n<\/div><\/div>\n\n\n\n<p><\/p>","protected":false},"excerpt":{"rendered":"<p>Cada aporte transforma vidas. Con tu donaci\u00f3n, ayudas a que ni\u00f1os, j\u00f3venes y familias tengan acceso a espacios de formaci\u00f3n, cultura, recreaci\u00f3n y oportunidades que fortalecen su futuro. En la Fundaci\u00f3n SOY CAPAZ creemos en el poder de las peque\u00f1as acciones para generar grandes cambios en la comunidad. Hoy puedes convertirte en parte de esa [&hellip;]<\/p>\n","protected":false},"author":1,"featured_media":0,"parent":0,"menu_order":0,"comment_status":"closed","ping_status":"closed","template":"","meta":{"_uag_custom_page_level_css":"","site-sidebar-layout":"no-sidebar","site-content-layout":"page-builder","ast-site-content-layout":"full-width-container","site-content-style":"unboxed","site-sidebar-style":"unboxed","ast-global-header-display":"","ast-banner-title-visibility":"","ast-main-header-display":"","ast-hfb-above-header-display":"","ast-hfb-below-header-display":"","ast-hfb-mobile-header-display":"","site-post-title":"disabled","ast-breadcrumbs-content":"","ast-featured-img":"disabled","footer-sml-layout":"","ast-disable-related-posts":"","theme-transparent-header-meta":"enabled","adv-header-id-meta":"","stick-header-meta":"","header-above-stick-meta":"","header-main-stick-meta":"","header-below-stick-meta":"","astra-migrate-meta-layouts":"set","ast-page-background-enabled":"default","ast-page-background-meta":{"desktop":{"background-color":"var(--ast-global-color-5)","background-image":"","background-repeat":"repeat","background-position":"center center","background-size":"auto","background-attachment":"scroll","background-type":"","background-media":"","overlay-type":"","overlay-color":"","overlay-opacity":"","overlay-gradient":""},"tablet":{"background-color":"","background-image":"","background-repeat":"repeat","background-position":"center center","background-size":"auto","background-attachment":"scroll","background-type":"","background-media":"","overlay-type":"","overlay-color":"","overlay-opacity":"","overlay-gradient":""},"mobile":{"background-color":"","background-image":"","background-repeat":"repeat","background-position":"center center","background-size":"auto","background-attachment":"scroll","background-type":"","background-media":"","overlay-type":"","overlay-color":"","overlay-opacity":"","overlay-gradient":""}},"ast-content-background-meta":{"desktop":{"background-color":"var(--ast-global-color-4)","background-image":"","background-repeat":"repeat","background-position":"center center","background-size":"auto","background-attachment":"scroll","background-type":"","background-media":"","overlay-type":"","overlay-color":"","overlay-opacity":"","overlay-gradient":""},"tablet":{"background-color":"var(--ast-global-color-4)","background-image":"","background-repeat":"repeat","background-position":"center center","background-size":"auto","background-attachment":"scroll","background-type":"","background-media":"","overlay-type":"","overlay-color":"","overlay-opacity":"","overlay-gradient":""},"mobile":{"background-color":"var(--ast-global-color-4)","background-image":"","background-repeat":"repeat","background-position":"center center","background-size":"auto","background-attachment":"scroll","background-type":"","background-media":"","overlay-type":"","overlay-color":"","overlay-opacity":"","overlay-gradient":""}},"footnotes":""},"class_list":["post-3973","page","type-page","status-publish","hentry"],"_hostinger_reach_plugin_has_subscription_block":false,"_hostinger_reach_plugin_is_elementor":false,"uagb_featured_image_src":{"full":false,"thumbnail":false,"medium":false,"medium_large":false,"large":false,"1536x1536":false,"2048x2048":false,"trp-custom-language-flag":false,"woocommerce_thumbnail":false,"woocommerce_single":false,"woocommerce_gallery_thumbnail":false},"uagb_author_info":{"display_name":"wilgch@gmail.com","author_link":"https:\/\/fundacionculturaarteypaz.org\/en\/author\/wilgchgmail-com\/"},"uagb_comment_info":0,"uagb_excerpt":"Cada aporte transforma vidas. Con tu donaci\u00f3n, ayudas a que ni\u00f1os, j\u00f3venes y familias tengan acceso a espacios de formaci\u00f3n, cultura, recreaci\u00f3n y oportunidades que fortalecen su futuro. En la Fundaci\u00f3n SOY CAPAZ creemos en el poder de las peque\u00f1as acciones para generar grandes cambios en la comunidad. Hoy puedes convertirte en parte de esa&hellip;","_links":{"self":[{"href":"https:\/\/fundacionculturaarteypaz.org\/en\/wp-json\/wp\/v2\/pages\/3973","targetHints":{"allow":["GET"]}}],"collection":[{"href":"https:\/\/fundacionculturaarteypaz.org\/en\/wp-json\/wp\/v2\/pages"}],"about":[{"href":"https:\/\/fundacionculturaarteypaz.org\/en\/wp-json\/wp\/v2\/types\/page"}],"author":[{"embeddable":true,"href":"https:\/\/fundacionculturaarteypaz.org\/en\/wp-json\/wp\/v2\/users\/1"}],"replies":[{"embeddable":true,"href":"https:\/\/fundacionculturaarteypaz.org\/en\/wp-json\/wp\/v2\/comments?post=3973"}],"version-history":[{"count":11,"href":"https:\/\/fundacionculturaarteypaz.org\/en\/wp-json\/wp\/v2\/pages\/3973\/revisions"}],"predecessor-version":[{"id":3992,"href":"https:\/\/fundacionculturaarteypaz.org\/en\/wp-json\/wp\/v2\/pages\/3973\/revisions\/3992"}],"wp:attachment":[{"href":"https:\/\/fundacionculturaarteypaz.org\/en\/wp-json\/wp\/v2\/media?parent=3973"}],"curies":[{"name":"wp","href":"https:\/\/api.w.org\/{rel}","templated":true}]}}