{"id":2621,"date":"2026-02-07T01:56:44","date_gmt":"2026-02-07T01:56:44","guid":{"rendered":"https:\/\/fundacionculturaarteypaz.org\/program\/"},"modified":"2026-05-05T19:37:25","modified_gmt":"2026-05-05T19:37:25","slug":"talleres-formacion","status":"publish","type":"page","link":"https:\/\/fundacionculturaarteypaz.org\/en\/talleres-formacion\/","title":{"rendered":"Training Workshops"},"content":{"rendered":"<div class=\"wp-block-uagb-container uagb-block-76c10568 alignfull uagb-is-root-container\"><div class=\"uagb-container-inner-blocks-wrap\">\n<div class=\"wp-block-uagb-image uagb-block-f930bc43 wp-block-uagb-image--layout-default wp-block-uagb-image--effect-static wp-block-uagb-image--align-none\"><figure class=\"wp-block-uagb-image__figure\"><img decoding=\"async\" srcset=\"https:\/\/fundacionculturaarteypaz.org\/wp-content\/uploads\/2026\/05\/training-workshops.png 1983w, https:\/\/fundacionculturaarteypaz.org\/wp-content\/uploads\/2026\/05\/training-workshops-300x120.png 300w, https:\/\/fundacionculturaarteypaz.org\/wp-content\/uploads\/2026\/05\/training-workshops-1024x409.png 1024w, https:\/\/fundacionculturaarteypaz.org\/wp-content\/uploads\/2026\/05\/training-workshops-768x307.png 768w, https:\/\/fundacionculturaarteypaz.org\/wp-content\/uploads\/2026\/05\/training-workshops-1536x614.png 1536w, https:\/\/fundacionculturaarteypaz.org\/wp-content\/uploads\/2026\/05\/training-workshops-18x7.png 18w, https:\/\/fundacionculturaarteypaz.org\/wp-content\/uploads\/2026\/05\/training-workshops-600x240.png 600w\" sizes=\"auto, (max-width: 480px) 150px\" src=\"https:\/\/fundacionculturaarteypaz.org\/wp-content\/uploads\/2026\/05\/training-workshops.png\" alt=\"talleres formacion\" class=\"uag-image-3918\" width=\"600\" height=\"255\" title=\"training workshops\" loading=\"lazy\" role=\"img\"\/><\/figure><\/div>\n\n\n\n<section class=\"wp-block-uagb-columns uagb-columns__wrap uagb-columns__background-none uagb-columns__stack-mobile uagb-columns__valign- uagb-columns__gap-10 align uagb-block-94d06b52 uagb-columns__columns-2 uagb-columns__max_width-theme\"><div class=\"uagb-columns__overlay\"><\/div><div class=\"uagb-columns__inner-wrap uagb-columns__columns-2\">\n<div class=\"wp-block-uagb-column uagb-column__wrap uagb-column__background-undefined uagb-block-79ee43b1\"><div class=\"uagb-column__overlay\"><\/div>\n<div class=\"wp-block-uagb-image uagb-block-8b2d8392 wp-block-uagb-image--layout-default wp-block-uagb-image--effect-static wp-block-uagb-image--align-none\"><figure class=\"wp-block-uagb-image__figure\"><img decoding=\"async\" srcset=\"https:\/\/fundacionculturaarteypaz.org\/wp-content\/uploads\/2026\/03\/programas-1024x629.png ,https:\/\/fundacionculturaarteypaz.org\/wp-content\/uploads\/2026\/03\/programas.png 780w, https:\/\/fundacionculturaarteypaz.org\/wp-content\/uploads\/2026\/03\/programas.png 360w\" sizes=\"auto, (max-width: 480px) 150px\" src=\"https:\/\/fundacionculturaarteypaz.org\/wp-content\/uploads\/2026\/03\/programas-1024x629.png\" alt=\"programas\" class=\"uag-image-3662\" width=\"1024\" height=\"629\" title=\"programs\" loading=\"lazy\" role=\"img\"\/><\/figure><\/div>\n<\/div>\n\n\n\n<div class=\"wp-block-uagb-column uagb-column__wrap uagb-column__background-undefined uagb-block-472a3bf8\"><div class=\"uagb-column__overlay\"><\/div>\n<p class=\"has-medium-font-size\"><strong>We transform talent into purpose<\/strong><br>At the SOY CAPAZ Foundation, we educate children, young people, and families through art, culture, and community tourism.<\/p>\n\n\n\n<p class=\"has-medium-font-size\">We promote cultural expression, strengthen creativity, community identity, and reflection on daily life through:<\/p>\n\n\n\n<section class=\"wp-block-uagb-columns uagb-columns__wrap uagb-columns__background-none uagb-columns__stack-mobile uagb-columns__valign- uagb-columns__gap-10 align uagb-block-0f0e9746 uagb-columns__columns-2 uagb-columns__max_width-theme\"><div class=\"uagb-columns__overlay\"><\/div><div class=\"uagb-columns__inner-wrap uagb-columns__columns-2\">\n<div class=\"wp-block-uagb-column uagb-column__wrap uagb-column__background-undefined uagb-block-e8d5b8ea\"><div class=\"uagb-column__overlay\"><\/div>\n<div class=\"wp-block-uagb-icon-list uagb-block-9fb069f6\"><div class=\"uagb-icon-list__wrap\">\n<div class=\"wp-block-uagb-icon-list-child uagb-block-d49b6767\"><span class=\"uagb-icon-list__source-wrap\"><svg xmlns=\"https:\/\/www.w3.org\/2000\/svg\" viewbox=\"0 0 512 512\"><path d=\"M256 0C114.6 0 0 114.6 0 256c0 141.4 114.6 256 256 256s256-114.6 256-256C512 114.6 397.4 0 256 0zM406.6 278.6l-103.1 103.1c-12.5 12.5-32.75 12.5-45.25 0s-12.5-32.75 0-45.25L306.8 288H128C110.3 288 96 273.7 96 256s14.31-32 32-32h178.8l-49.38-49.38c-12.5-12.5-12.5-32.75 0-45.25s32.75-12.5 45.25 0l103.1 103.1C414.6 241.3 416 251.1 416 256C416 260.9 414.6 270.7 406.6 278.6z\"><\/path><\/svg><\/span><span class=\"uagb-icon-list__label\">Urban dance<\/span><\/div>\n\n\n\n<div class=\"wp-block-uagb-icon-list-child uagb-block-592b02c8\"><span class=\"uagb-icon-list__source-wrap\"><svg xmlns=\"https:\/\/www.w3.org\/2000\/svg\" viewbox=\"0 0 512 512\"><path d=\"M256 0C114.6 0 0 114.6 0 256c0 141.4 114.6 256 256 256s256-114.6 256-256C512 114.6 397.4 0 256 0zM406.6 278.6l-103.1 103.1c-12.5 12.5-32.75 12.5-45.25 0s-12.5-32.75 0-45.25L306.8 288H128C110.3 288 96 273.7 96 256s14.31-32 32-32h178.8l-49.38-49.38c-12.5-12.5-12.5-32.75 0-45.25s32.75-12.5 45.25 0l103.1 103.1C414.6 241.3 416 251.1 416 256C416 260.9 414.6 270.7 406.6 278.6z\"><\/path><\/svg><\/span><span class=\"uagb-icon-list__label\">Folk dance<\/span><\/div>\n\n\n\n<div class=\"wp-block-uagb-icon-list-child uagb-block-1685ecfa\"><span class=\"uagb-icon-list__source-wrap\"><svg xmlns=\"https:\/\/www.w3.org\/2000\/svg\" viewbox=\"0 0 512 512\"><path d=\"M256 0C114.6 0 0 114.6 0 256c0 141.4 114.6 256 256 256s256-114.6 256-256C512 114.6 397.4 0 256 0zM406.6 278.6l-103.1 103.1c-12.5 12.5-32.75 12.5-45.25 0s-12.5-32.75 0-45.25L306.8 288H128C110.3 288 96 273.7 96 256s14.31-32 32-32h178.8l-49.38-49.38c-12.5-12.5-12.5-32.75 0-45.25s32.75-12.5 45.25 0l103.1 103.1C414.6 241.3 416 251.1 416 256C416 260.9 414.6 270.7 406.6 278.6z\"><\/path><\/svg><\/span><span class=\"uagb-icon-list__label\">Latin dance<\/span><\/div>\n<\/div><\/div>\n<\/div>\n\n\n\n<div class=\"wp-block-uagb-column uagb-column__wrap uagb-column__background-undefined uagb-block-14a4a379\"><div class=\"uagb-column__overlay\"><\/div>\n<div class=\"wp-block-uagb-icon-list uagb-block-7382cc92\"><div class=\"uagb-icon-list__wrap\">\n<div class=\"wp-block-uagb-icon-list-child uagb-block-29100708\"><span class=\"uagb-icon-list__source-wrap\"><svg xmlns=\"https:\/\/www.w3.org\/2000\/svg\" viewbox=\"0 0 512 512\"><path d=\"M256 0C114.6 0 0 114.6 0 256c0 141.4 114.6 256 256 256s256-114.6 256-256C512 114.6 397.4 0 256 0zM406.6 278.6l-103.1 103.1c-12.5 12.5-32.75 12.5-45.25 0s-12.5-32.75 0-45.25L306.8 288H128C110.3 288 96 273.7 96 256s14.31-32 32-32h178.8l-49.38-49.38c-12.5-12.5-12.5-32.75 0-45.25s32.75-12.5 45.25 0l103.1 103.1C414.6 241.3 416 251.1 416 256C416 260.9 414.6 270.7 406.6 278.6z\"><\/path><\/svg><\/span><span class=\"uagb-icon-list__label\">Drawing Workshop<\/span><\/div>\n\n\n\n<div class=\"wp-block-uagb-icon-list-child uagb-block-59ea6fc3\"><span class=\"uagb-icon-list__source-wrap\"><svg xmlns=\"https:\/\/www.w3.org\/2000\/svg\" viewbox=\"0 0 512 512\"><path d=\"M256 0C114.6 0 0 114.6 0 256c0 141.4 114.6 256 256 256s256-114.6 256-256C512 114.6 397.4 0 256 0zM406.6 278.6l-103.1 103.1c-12.5 12.5-32.75 12.5-45.25 0s-12.5-32.75 0-45.25L306.8 288H128C110.3 288 96 273.7 96 256s14.31-32 32-32h178.8l-49.38-49.38c-12.5-12.5-12.5-32.75 0-45.25s32.75-12.5 45.25 0l103.1 103.1C414.6 241.3 416 251.1 416 256C416 260.9 414.6 270.7 406.6 278.6z\"><\/path><\/svg><\/span><span class=\"uagb-icon-list__label\">Music<\/span><\/div>\n\n\n\n<div class=\"wp-block-uagb-icon-list-child uagb-block-58ac7521\"><span class=\"uagb-icon-list__source-wrap\"><svg xmlns=\"https:\/\/www.w3.org\/2000\/svg\" viewbox=\"0 0 512 512\"><path d=\"M256 0C114.6 0 0 114.6 0 256c0 141.4 114.6 256 256 256s256-114.6 256-256C512 114.6 397.4 0 256 0zM406.6 278.6l-103.1 103.1c-12.5 12.5-32.75 12.5-45.25 0s-12.5-32.75 0-45.25L306.8 288H128C110.3 288 96 273.7 96 256s14.31-32 32-32h178.8l-49.38-49.38c-12.5-12.5-12.5-32.75 0-45.25s32.75-12.5 45.25 0l103.1 103.1C414.6 241.3 416 251.1 416 256C416 260.9 414.6 270.7 406.6 278.6z\"><\/path><\/svg><\/span><span class=\"uagb-icon-list__label\">Tourism<\/span><\/div>\n<\/div><\/div>\n<\/div>\n<\/div><\/section>\n<\/div>\n<\/div><\/section>\n\n\n\n<div class=\"wp-block-uagb-image alignleft uagb-block-17972dd1 wp-block-uagb-image--layout-default wp-block-uagb-image--effect-static wp-block-uagb-image--align-left\"><figure class=\"wp-block-uagb-image__figure\"><img decoding=\"async\" srcset=\"https:\/\/fundacionculturaarteypaz.org\/wp-content\/uploads\/2026\/05\/dance.png 1809w, https:\/\/fundacionculturaarteypaz.org\/wp-content\/uploads\/2026\/05\/dance-300x85.png 300w, https:\/\/fundacionculturaarteypaz.org\/wp-content\/uploads\/2026\/05\/dance-1024x292.png 1024w, https:\/\/fundacionculturaarteypaz.org\/wp-content\/uploads\/2026\/05\/dance-768x219.png 768w, https:\/\/fundacionculturaarteypaz.org\/wp-content\/uploads\/2026\/05\/dance-1536x437.png 1536w, https:\/\/fundacionculturaarteypaz.org\/wp-content\/uploads\/2026\/05\/dance-18x5.png 18w, https:\/\/fundacionculturaarteypaz.org\/wp-content\/uploads\/2026\/05\/dance-600x171.png 600w\" sizes=\"auto, (max-width: 480px) 150px\" src=\"https:\/\/fundacionculturaarteypaz.org\/wp-content\/uploads\/2026\/05\/dance.png\" alt=\"danzas\" class=\"uag-image-3924\" width=\"396\" height=\"112\" title=\"dances\" loading=\"lazy\" role=\"img\"\/><\/figure><\/div>\n\n\n\n<section class=\"wp-block-uagb-columns uagb-columns__wrap uagb-columns__background-none uagb-columns__stack-mobile uagb-columns__valign- uagb-columns__gap-10 align uagb-block-b38dd6c5 uagb-columns__columns-3 uagb-columns__max_width-theme\"><div class=\"uagb-columns__overlay\"><\/div><div class=\"uagb-columns__inner-wrap uagb-columns__columns-3\">\n<div class=\"wp-block-uagb-column uagb-column__wrap uagb-column__background-undefined uagb-block-d7ed45f5\"><div class=\"uagb-column__overlay\"><\/div>\n<figure class=\"wp-block-embed is-type-video is-provider-youtube wp-block-embed-youtube wp-embed-aspect-9-16 wp-has-aspect-ratio\"><div class=\"wp-block-embed__wrapper\">\n<iframe loading=\"lazy\" title=\"Danza urbana !! Capaz Crew\" width=\"422\" height=\"750\" src=\"https:\/\/www.youtube.com\/embed\/ws3r2N63ras?feature=oembed\" frameborder=\"0\" allow=\"accelerometer; autoplay; clipboard-write; encrypted-media; gyroscope; picture-in-picture; web-share\" referrerpolicy=\"strict-origin-when-cross-origin\" allowfullscreen><\/iframe>\n<\/div><\/figure>\n<\/div>\n\n\n\n<div class=\"wp-block-uagb-column uagb-column__wrap uagb-column__background-undefined uagb-block-7455003f\"><div class=\"uagb-column__overlay\"><\/div>\n<figure class=\"wp-block-embed is-type-video is-provider-youtube wp-block-embed-youtube wp-embed-aspect-9-16 wp-has-aspect-ratio\"><div class=\"wp-block-embed__wrapper\">\n<iframe loading=\"lazy\" title=\"Celebrando al Adulto Mayor\" width=\"422\" height=\"750\" src=\"https:\/\/www.youtube.com\/embed\/0TYB3-Id64I?feature=oembed\" frameborder=\"0\" allow=\"accelerometer; autoplay; clipboard-write; encrypted-media; gyroscope; picture-in-picture; web-share\" referrerpolicy=\"strict-origin-when-cross-origin\" allowfullscreen><\/iframe>\n<\/div><\/figure>\n<\/div>\n\n\n\n<div class=\"wp-block-uagb-column uagb-column__wrap uagb-column__background-undefined uagb-block-fbeaf46b\"><div class=\"uagb-column__overlay\"><\/div>\n<figure class=\"wp-block-embed is-type-video is-provider-youtube wp-block-embed-youtube wp-embed-aspect-4-3 wp-has-aspect-ratio\"><div class=\"wp-block-embed__wrapper\">\n<iframe loading=\"lazy\" title=\"As\u00ed vivimos el Segundo Festival Internacional y Nacional de Danza\" width=\"500\" height=\"375\" src=\"https:\/\/www.youtube.com\/embed\/cWLIlBGOM2A?feature=oembed\" frameborder=\"0\" allow=\"accelerometer; autoplay; clipboard-write; encrypted-media; gyroscope; picture-in-picture; web-share\" referrerpolicy=\"strict-origin-when-cross-origin\" allowfullscreen><\/iframe>\n<\/div><\/figure>\n<\/div>\n<\/div><\/section>\n\n\n\n<div class=\"wp-block-uagb-image alignleft uagb-block-1ea5d768 wp-block-uagb-image--layout-default wp-block-uagb-image--effect-static wp-block-uagb-image--align-left\"><figure class=\"wp-block-uagb-image__figure\"><img decoding=\"async\" srcset=\"https:\/\/fundacionculturaarteypaz.org\/wp-content\/uploads\/2026\/05\/transicion-culture-of-peace.png 500w, https:\/\/fundacionculturaarteypaz.org\/wp-content\/uploads\/2026\/05\/transicion-culture-of-peace-300x97.png 300w, https:\/\/fundacionculturaarteypaz.org\/wp-content\/uploads\/2026\/05\/transicion-culture-of-peace-18x6.png 18w\" sizes=\"auto, (max-width: 480px) 150px\" src=\"https:\/\/fundacionculturaarteypaz.org\/wp-content\/uploads\/2026\/05\/transicion-culture-of-peace.png\" alt=\"transicion cultura de paz\" class=\"uag-image-3911\" width=\"313\" height=\"101\" title=\"transicion culture of peace\" loading=\"lazy\" role=\"img\"\/><\/figure><\/div>\n\n\n\n<section class=\"wp-block-uagb-columns uagb-columns__wrap uagb-columns__background-none uagb-columns__stack-mobile uagb-columns__valign- uagb-columns__gap-10 align uagb-block-d8a98f7c uagb-columns__columns-3 uagb-columns__max_width-theme\"><div class=\"uagb-columns__overlay\"><\/div><div class=\"uagb-columns__inner-wrap uagb-columns__columns-3\">\n<div class=\"wp-block-uagb-column uagb-column__wrap uagb-column__background-undefined uagb-block-a11a0572\"><div class=\"uagb-column__overlay\"><\/div>\n<figure class=\"wp-block-embed is-type-video is-provider-youtube wp-block-embed-youtube wp-embed-aspect-9-16 wp-has-aspect-ratio\"><div class=\"wp-block-embed__wrapper\">\n<iframe loading=\"lazy\" title=\"Barrio Transici\u00f3n es uno de los 100 destinos de paz de Colombia!\" width=\"422\" height=\"750\" src=\"https:\/\/www.youtube.com\/embed\/zBpGRB5DEdc?feature=oembed\" frameborder=\"0\" allow=\"accelerometer; autoplay; clipboard-write; encrypted-media; gyroscope; picture-in-picture; web-share\" referrerpolicy=\"strict-origin-when-cross-origin\" allowfullscreen><\/iframe>\n<\/div><\/figure>\n<\/div>\n\n\n\n<div class=\"wp-block-uagb-column uagb-column__wrap uagb-column__background-undefined uagb-block-6c783d6d\"><div class=\"uagb-column__overlay\"><\/div>\n<figure class=\"wp-block-embed is-type-video is-provider-youtube wp-block-embed-youtube wp-embed-aspect-9-16 wp-has-aspect-ratio\"><div class=\"wp-block-embed__wrapper\">\n<iframe loading=\"lazy\" title=\"Menschen wie Edwin sind die wahren Helden unserer Welt  Gemeinsam mit den Stiftungen wollen wir\" width=\"422\" height=\"750\" src=\"https:\/\/www.youtube.com\/embed\/IOevA5UJr8A?feature=oembed\" frameborder=\"0\" allow=\"accelerometer; autoplay; clipboard-write; encrypted-media; gyroscope; picture-in-picture; web-share\" referrerpolicy=\"strict-origin-when-cross-origin\" allowfullscreen><\/iframe>\n<\/div><\/figure>\n<\/div>\n\n\n\n<div class=\"wp-block-uagb-column uagb-column__wrap uagb-column__background-undefined uagb-block-800da2a6\"><div class=\"uagb-column__overlay\"><\/div><\/div>\n<\/div><\/section>\n\n\n\n<div class=\"wp-block-uagb-image alignleft uagb-block-f6e4f755 wp-block-uagb-image--layout-default wp-block-uagb-image--effect-static wp-block-uagb-image--align-left\"><figure class=\"wp-block-uagb-image__figure\"><img decoding=\"async\" srcset=\"https:\/\/fundacionculturaarteypaz.org\/wp-content\/uploads\/2026\/05\/playroom.png 1864w, https:\/\/fundacionculturaarteypaz.org\/wp-content\/uploads\/2026\/05\/playroom-300x90.png 300w, https:\/\/fundacionculturaarteypaz.org\/wp-content\/uploads\/2026\/05\/playroom-1024x308.png 1024w, https:\/\/fundacionculturaarteypaz.org\/wp-content\/uploads\/2026\/05\/playroom-768x231.png 768w, https:\/\/fundacionculturaarteypaz.org\/wp-content\/uploads\/2026\/05\/playroom-1536x461.png 1536w, https:\/\/fundacionculturaarteypaz.org\/wp-content\/uploads\/2026\/05\/playroom-18x5.png 18w, https:\/\/fundacionculturaarteypaz.org\/wp-content\/uploads\/2026\/05\/playroom-600x180.png 600w\" sizes=\"auto, (max-width: 480px) 150px\" src=\"https:\/\/fundacionculturaarteypaz.org\/wp-content\/uploads\/2026\/05\/playroom.png\" alt=\"ludoteca\" class=\"uag-image-3926\" width=\"350\" height=\"109\" title=\"playroom\" loading=\"lazy\" role=\"img\"\/><\/figure><\/div>\n\n\n\n<section class=\"wp-block-uagb-columns uagb-columns__wrap uagb-columns__background-none uagb-columns__stack-mobile uagb-columns__valign- uagb-columns__gap-10 align uagb-block-079caf59 uagb-columns__columns-3 uagb-columns__max_width-theme\"><div class=\"uagb-columns__overlay\"><\/div><div class=\"uagb-columns__inner-wrap uagb-columns__columns-3\">\n<div class=\"wp-block-uagb-column uagb-column__wrap uagb-column__background-undefined uagb-block-9897cec5\"><div class=\"uagb-column__overlay\"><\/div>\n<figure class=\"wp-block-embed is-type-video is-provider-youtube wp-block-embed-youtube wp-embed-aspect-9-16 wp-has-aspect-ratio\"><div class=\"wp-block-embed__wrapper\">\n<iframe loading=\"lazy\" title=\"It\u2019s extremely important to invest in education because it\u2019s the future of our world and the peo\" width=\"422\" height=\"750\" src=\"https:\/\/www.youtube.com\/embed\/vhVHo8Japlk?feature=oembed\" frameborder=\"0\" allow=\"accelerometer; autoplay; clipboard-write; encrypted-media; gyroscope; picture-in-picture; web-share\" referrerpolicy=\"strict-origin-when-cross-origin\" allowfullscreen><\/iframe>\n<\/div><\/figure>\n<\/div>\n\n\n\n<div class=\"wp-block-uagb-column uagb-column__wrap uagb-column__background-undefined uagb-block-16ceed37\"><div class=\"uagb-column__overlay\"><\/div>\n<figure class=\"wp-block-embed is-type-video is-provider-youtube wp-block-embed-youtube wp-embed-aspect-9-16 wp-has-aspect-ratio\"><div class=\"wp-block-embed__wrapper\">\n<iframe loading=\"lazy\" title=\"Transforming communities from the ground up\" width=\"422\" height=\"750\" src=\"https:\/\/www.youtube.com\/embed\/3myzYNijYjY?feature=oembed\" frameborder=\"0\" allow=\"accelerometer; autoplay; clipboard-write; encrypted-media; gyroscope; picture-in-picture; web-share\" referrerpolicy=\"strict-origin-when-cross-origin\" allowfullscreen><\/iframe>\n<\/div><\/figure>\n<\/div>\n\n\n\n<div class=\"wp-block-uagb-column uagb-column__wrap uagb-column__background-undefined uagb-block-f659de46\"><div class=\"uagb-column__overlay\"><\/div><\/div>\n<\/div><\/section>\n<\/div><\/div>\n\n\n\n<p><\/p>","protected":false},"excerpt":{"rendered":"<p>Transformamos talento en prop\u00f3sitoEn la Fundaci\u00f3n SOY CAPAZ formamos ni\u00f1os, j\u00f3venes y familias a trav\u00e9s del arte, la cultura y el turismo comunitario. Promovemos la expresi\u00f3n cultural, fortalecemos la creatividad, identidad comunitaria y reflexi\u00f3n de la vida cotidiana, mediante:<\/p>","protected":false},"author":1,"featured_media":0,"parent":0,"menu_order":0,"comment_status":"closed","ping_status":"closed","template":"","meta":{"_uag_custom_page_level_css":"","site-sidebar-layout":"no-sidebar","site-content-layout":"page-builder","ast-site-content-layout":"full-width-container","site-content-style":"unboxed","site-sidebar-style":"unboxed","ast-global-header-display":"","ast-banner-title-visibility":"","ast-main-header-display":"","ast-hfb-above-header-display":"","ast-hfb-below-header-display":"","ast-hfb-mobile-header-display":"","site-post-title":"disabled","ast-breadcrumbs-content":"","ast-featured-img":"disabled","footer-sml-layout":"","ast-disable-related-posts":"","theme-transparent-header-meta":"enabled","adv-header-id-meta":"","stick-header-meta":"","header-above-stick-meta":"","header-main-stick-meta":"","header-below-stick-meta":"","astra-migrate-meta-layouts":"set","ast-page-background-enabled":"default","ast-page-background-meta":{"desktop":{"background-color":"var(--ast-global-color-5)","background-image":"","background-repeat":"repeat","background-position":"center center","background-size":"auto","background-attachment":"scroll","background-type":"","background-media":"","overlay-type":"","overlay-color":"","overlay-opacity":"","overlay-gradient":""},"tablet":{"background-color":"","background-image":"","background-repeat":"repeat","background-position":"center center","background-size":"auto","background-attachment":"scroll","background-type":"","background-media":"","overlay-type":"","overlay-color":"","overlay-opacity":"","overlay-gradient":""},"mobile":{"background-color":"","background-image":"","background-repeat":"repeat","background-position":"center center","background-size":"auto","background-attachment":"scroll","background-type":"","background-media":"","overlay-type":"","overlay-color":"","overlay-opacity":"","overlay-gradient":""}},"ast-content-background-meta":{"desktop":{"background-color":"var(--ast-global-color-4)","background-image":"","background-repeat":"repeat","background-position":"center center","background-size":"auto","background-attachment":"scroll","background-type":"","background-media":"","overlay-type":"","overlay-color":"","overlay-opacity":"","overlay-gradient":""},"tablet":{"background-color":"var(--ast-global-color-4)","background-image":"","background-repeat":"repeat","background-position":"center center","background-size":"auto","background-attachment":"scroll","background-type":"","background-media":"","overlay-type":"","overlay-color":"","overlay-opacity":"","overlay-gradient":""},"mobile":{"background-color":"var(--ast-global-color-4)","background-image":"","background-repeat":"repeat","background-position":"center center","background-size":"auto","background-attachment":"scroll","background-type":"","background-media":"","overlay-type":"","overlay-color":"","overlay-opacity":"","overlay-gradient":""}},"footnotes":""},"class_list":["post-2621","page","type-page","status-publish","hentry"],"_hostinger_reach_plugin_has_subscription_block":false,"_hostinger_reach_plugin_is_elementor":false,"uagb_featured_image_src":{"full":false,"thumbnail":false,"medium":false,"medium_large":false,"large":false,"1536x1536":false,"2048x2048":false,"trp-custom-language-flag":false,"woocommerce_thumbnail":false,"woocommerce_single":false,"woocommerce_gallery_thumbnail":false},"uagb_author_info":{"display_name":"wilgch@gmail.com","author_link":"https:\/\/fundacionculturaarteypaz.org\/en\/author\/wilgchgmail-com\/"},"uagb_comment_info":0,"uagb_excerpt":"Transformamos talento en prop\u00f3sitoEn la Fundaci\u00f3n SOY CAPAZ formamos ni\u00f1os, j\u00f3venes y familias a trav\u00e9s del arte, la cultura y el turismo comunitario. Promovemos la expresi\u00f3n cultural, fortalecemos la creatividad, identidad comunitaria y reflexi\u00f3n de la vida cotidiana, mediante:","_links":{"self":[{"href":"https:\/\/fundacionculturaarteypaz.org\/en\/wp-json\/wp\/v2\/pages\/2621","targetHints":{"allow":["GET"]}}],"collection":[{"href":"https:\/\/fundacionculturaarteypaz.org\/en\/wp-json\/wp\/v2\/pages"}],"about":[{"href":"https:\/\/fundacionculturaarteypaz.org\/en\/wp-json\/wp\/v2\/types\/page"}],"author":[{"embeddable":true,"href":"https:\/\/fundacionculturaarteypaz.org\/en\/wp-json\/wp\/v2\/users\/1"}],"replies":[{"embeddable":true,"href":"https:\/\/fundacionculturaarteypaz.org\/en\/wp-json\/wp\/v2\/comments?post=2621"}],"version-history":[{"count":41,"href":"https:\/\/fundacionculturaarteypaz.org\/en\/wp-json\/wp\/v2\/pages\/2621\/revisions"}],"predecessor-version":[{"id":3927,"href":"https:\/\/fundacionculturaarteypaz.org\/en\/wp-json\/wp\/v2\/pages\/2621\/revisions\/3927"}],"wp:attachment":[{"href":"https:\/\/fundacionculturaarteypaz.org\/en\/wp-json\/wp\/v2\/media?parent=2621"}],"curies":[{"name":"wp","href":"https:\/\/api.w.org\/{rel}","templated":true}]}}