{"id":2620,"date":"2026-02-07T01:56:44","date_gmt":"2026-02-07T01:56:44","guid":{"rendered":"https:\/\/fundacionculturaarteypaz.org\/about\/"},"modified":"2026-03-04T23:37:14","modified_gmt":"2026-03-04T23:37:14","slug":"quienes-somos","status":"publish","type":"page","link":"https:\/\/fundacionculturaarteypaz.org\/en\/quienes-somos\/","title":{"rendered":"About US"},"content":{"rendered":"<div class=\"wp-block-uagb-container uagb-block-a79bbcd0 alignfull uagb-is-root-container\"><div class=\"uagb-container-inner-blocks-wrap\">\n<div class=\"wp-block-uagb-container uagb-layout-grid uagb-block-1900f246 alignfull uagb-is-root-container\"><div class=\"uagb-container-inner-blocks-wrap\">\n<div class=\"wp-block-uagb-image uagb-block-3668508b wp-block-uagb-image--layout-default wp-block-uagb-image--effect-static wp-block-uagb-image--align-none\"><figure class=\"wp-block-uagb-image__figure\"><img decoding=\"async\" srcset=\"https:\/\/fundacionculturaarteypaz.org\/wp-content\/uploads\/2026\/03\/quienes-somos.png ,https:\/\/fundacionculturaarteypaz.org\/wp-content\/uploads\/2026\/03\/quienes-somos.png 780w, https:\/\/fundacionculturaarteypaz.org\/wp-content\/uploads\/2026\/03\/quienes-somos.png 360w\" sizes=\"auto, (max-width: 480px) 150px\" src=\"https:\/\/fundacionculturaarteypaz.org\/wp-content\/uploads\/2026\/03\/quienes-somos.png\" alt=\"quienes somos\" class=\"uag-image-3614\" width=\"600\" height=\"450\" title=\"about us\" loading=\"lazy\" role=\"img\"\/><\/figure><\/div>\n\n\n\n<div class=\"wp-block-uagb-info-box uagb-block-25e98794 uagb-infobox__content-wrap  uagb-infobox-icon-above-title uagb-infobox-image-valign-top wp-block-uagb-info-box--has-margin\"><div class=\"uagb-infobox-margin-wrapper\"><div class=\"uagb-ifb-content\"><div class=\"uagb-ifb-title-wrap\"><h4 class=\"uagb-ifb-title\">About Us<\/h4><\/div><p class=\"uagb-ifb-desc\">Since 2022, we are a foundation committed to transforming lives through art and culture.<br><br>We work with children, youth, families, senior citizens, migrants, the LGBTIQ+ community, and people with diverse abilities.<br><br>Together, we are capable of transforming our north!<\/p><\/div><\/div><\/div>\n<\/div><\/div>\n\n\n\n<div class=\"wp-block-uagb-container uagb-layout-grid uagb-block-516ca95f alignfull uagb-is-root-container\"><div class=\"uagb-container-inner-blocks-wrap\">\n<div class=\"wp-block-group is-nowrap is-layout-flex wp-container-core-group-is-layout-6c531013 wp-block-group-is-layout-flex\">\n<div class=\"wp-block-uagb-info-box uagb-block-802a6942 uagb-infobox__content-wrap  uagb-infobox-icon-above-title uagb-infobox-image-valign-top wp-block-uagb-info-box--has-margin\"><div class=\"uagb-infobox-margin-wrapper\"><div class=\"uagb-ifb-content\"><div class=\"uagb-ifb-title-wrap\"><h4 class=\"uagb-ifb-title\"><br>What do we do?<\/h4><\/div><p class=\"uagb-ifb-desc\">\u201cWe transform spaces and minds by leading by example.<br><br>We design innovative projects that generate a positive impact, highlighting the value and collective strength of our community.\u201d<\/p><\/div><\/div><\/div>\n<\/div>\n\n\n\n<figure class=\"wp-block-image size-full\"><img loading=\"lazy\" decoding=\"async\" width=\"1000\" height=\"750\" src=\"https:\/\/fundacionculturaarteypaz.org\/wp-content\/uploads\/2026\/03\/que-hacemos.png\" alt=\"que hacemos\" class=\"wp-image-3615\" title=\"About US\" srcset=\"https:\/\/fundacionculturaarteypaz.org\/wp-content\/uploads\/2026\/03\/que-hacemos.png 1000w, https:\/\/fundacionculturaarteypaz.org\/wp-content\/uploads\/2026\/03\/que-hacemos-300x225.png 300w, https:\/\/fundacionculturaarteypaz.org\/wp-content\/uploads\/2026\/03\/que-hacemos-768x576.png 768w, https:\/\/fundacionculturaarteypaz.org\/wp-content\/uploads\/2026\/03\/que-hacemos-600x450.png 600w\" sizes=\"auto, (max-width: 1000px) 100vw, 1000px\" \/><\/figure>\n<\/div><\/div>\n<\/div><\/div>\n\n\n\n<div class=\"wp-block-uagb-container uagb-block-7a0e9114 alignfull uagb-is-root-container\"><div class=\"uagb-container-inner-blocks-wrap\">\n<div class=\"wp-block-uagb-container uagb-layout-grid uagb-block-0c4330b5\">\n<div class=\"wp-block-uagb-advanced-heading uagb-block-e4279f8d\"><h3 class=\"uagb-heading-text\">Vision<\/h3><\/div>\n\n\n\n<div class=\"wp-block-uagb-advanced-heading uagb-block-20f26bee\"><p class=\"uagb-heading-text\">The Capaz Foundation believes and is committed to contributing to the development of a peaceful community and social transformation in the northern area of \u200b\u200bBucaramanga through art, dance, culture, and tourism.<br>Within five years, the Capaz Foundation projects itself as one of the best examples in social training, contributing to the strengthening of the economy and the local development of the territory.<\/p><\/div>\n<\/div>\n\n\n\n<div class=\"wp-block-uagb-container uagb-layout-grid uagb-block-ab2e6e87\">\n<div class=\"wp-block-uagb-advanced-heading uagb-block-64cdcb49\"><h3 class=\"uagb-heading-text\">Mission<\/h3><\/div>\n\n\n\n<div class=\"wp-block-uagb-advanced-heading uagb-block-d1c15c28\"><p class=\"uagb-heading-text\">The Capaz Foundation is an organization committed to social and community transformation, which develops training processes through art, dance, culture and tourism, with the purpose of improving the quality of life and contributing to the future of children, adolescents, young people and adults.<\/p><\/div>\n<\/div>\n\n\n\n<div class=\"wp-block-uagb-advanced-heading uagb-block-2023c68c\"><h3 class=\"uagb-heading-text\">Values<\/h3><\/div>\n\n\n\n<section class=\"wp-block-uagb-columns uagb-columns__wrap uagb-columns__background-none uagb-columns__stack-mobile uagb-columns__valign- uagb-columns__gap-10 align uagb-block-af53ded1 uagb-columns__columns-3 uagb-columns__max_width-theme\"><div class=\"uagb-columns__overlay\"><\/div><div class=\"uagb-columns__inner-wrap uagb-columns__columns-3\">\n<div class=\"wp-block-uagb-column uagb-column__wrap uagb-column__background-undefined uagb-block-3b2cf00d\"><div class=\"uagb-column__overlay\"><\/div>\n<div class=\"wp-block-uagb-info-box uagb-block-2751f8e8 uagb-infobox__content-wrap  uagb-infobox-icon-above-title uagb-infobox-image-valign-top\"><div class=\"uagb-ifb-content\"><div class=\"uagb-ifb-icon-wrap\"><svg xmlns=\"https:\/\/www.w3.org\/2000\/svg\" viewbox=\"0 0 640 512\"><path d=\"M476.8 288C461.1 361 397.4 416 320 416C242.6 416 178 361 163.2 288H32C14.33 288 0 273.7 0 256C0 238.3 14.33 224 32 224H163.2C178 150.1 242.6 96 320 96C397.4 96 461.1 150.1 476.8 224H608C625.7 224 640 238.3 640 256C640 273.7 625.7 288 608 288H476.8zM320 336C364.2 336 400 300.2 400 256C400 211.8 364.2 176 320 176C275.8 176 240 211.8 240 256C240 300.2 275.8 336 320 336z\"><\/path><\/svg><\/div><div class=\"uagb-ifb-title-wrap\"><h3 class=\"uagb-ifb-title\">Transformation<\/h3><\/div><p class=\"uagb-ifb-desc\">Believing in the power of changing lives and communities through art, dance, and culture.<\/p><\/div><\/div>\n<\/div>\n\n\n\n<div class=\"wp-block-uagb-column uagb-column__wrap uagb-column__background-undefined uagb-block-c0844eca\"><div class=\"uagb-column__overlay\"><\/div>\n<div class=\"wp-block-uagb-info-box uagb-block-b49c918d uagb-infobox__content-wrap  uagb-infobox-icon-above-title uagb-infobox-image-valign-top\"><div class=\"uagb-ifb-content\"><div class=\"uagb-ifb-icon-wrap\"><svg xmlns=\"https:\/\/www.w3.org\/2000\/svg\" viewbox=\"0 0 640 512\"><path d=\"M167.1 24V142.1L191 119C200.4 109.7 215.6 109.7 224.1 119C234.3 128.4 234.3 143.6 224.1 152.1L160.1 216.1C151.6 226.3 136.4 226.3 127 216.1L63.03 152.1C53.65 143.6 53.65 128.4 63.03 119C72.4 109.7 87.6 109.7 96.97 119L119.1 142.1V24C119.1 10.75 130.7 0 143.1 0C157.3 0 167.1 10.75 167.1 24V24zM359.1 200C359.1 222.1 342.1 240 319.1 240C297.9 240 279.1 222.1 279.1 200C279.1 177.9 297.9 160 319.1 160C342.1 160 359.1 177.9 359.1 200zM183.1 296C183.1 318.1 166.1 336 143.1 336C121.9 336 103.1 318.1 103.1 296C103.1 273.9 121.9 256 143.1 256C166.1 256 183.1 273.9 183.1 296zM455.1 296C455.1 273.9 473.9 256 495.1 256C518.1 256 535.1 273.9 535.1 296C535.1 318.1 518.1 336 495.1 336C473.9 336 455.1 318.1 455.1 296zM199.1 480C199.1 497.7 185.7 512 167.1 512H119.1C102.3 512 87.1 497.7 87.1 480V441.5L61.13 491.4C54.84 503 40.29 507.4 28.62 501.1C16.95 494.8 12.58 480.3 18.87 468.6L56.74 398.3C72.09 369.8 101.9 352 134.2 352H153.8C170.1 352 185.7 356.5 199.2 364.6L232.7 302.3C248.1 273.8 277.9 255.1 310.2 255.1H329.8C362.1 255.1 391.9 273.8 407.3 302.3L440.8 364.6C454.3 356.5 469.9 352 486.2 352H505.8C538.1 352 567.9 369.8 583.3 398.3L621.1 468.6C627.4 480.3 623 494.8 611.4 501.1C599.7 507.4 585.1 503 578.9 491.4L551.1 441.5V480C551.1 497.7 537.7 512 519.1 512H471.1C454.3 512 439.1 497.7 439.1 480V441.5L413.1 491.4C406.8 503 392.3 507.4 380.6 501.1C368.9 494.8 364.6 480.3 370.9 468.6L407.2 401.1C405.5 399.5 404 397.6 402.9 395.4L375.1 345.5V400C375.1 417.7 361.7 432 343.1 432H295.1C278.3 432 263.1 417.7 263.1 400V345.5L237.1 395.4C235.1 397.6 234.5 399.5 232.8 401.1L269.1 468.6C275.4 480.3 271 494.8 259.4 501.1C247.7 507.4 233.1 503 226.9 491.4L199.1 441.5L199.1 480zM415 152.1C405.7 143.6 405.7 128.4 415 119C424.4 109.7 439.6 109.7 448.1 119L471.1 142.1V24C471.1 10.75 482.7 0 495.1 0C509.3 0 519.1 10.75 519.1 24V142.1L543 119C552.4 109.7 567.6 109.7 576.1 119C586.3 128.4 586.3 143.6 576.1 152.1L512.1 216.1C503.6 226.3 488.4 226.3 479 216.1L415 152.1z\"><\/path><\/svg><\/div><div class=\"uagb-ifb-title-wrap\"><h3 class=\"uagb-ifb-title\">Inclusion<\/h3><\/div><p class=\"uagb-ifb-desc\">To create spaces for everyone, regardless of their origin, identity or situation, promoting diversity and respect.<\/p><\/div><\/div>\n<\/div>\n\n\n\n<div class=\"wp-block-uagb-column uagb-column__wrap uagb-column__background-undefined uagb-block-27a5b8ce\"><div class=\"uagb-column__overlay\"><\/div>\n<div class=\"wp-block-uagb-info-box uagb-block-9bae70b7 uagb-infobox__content-wrap  uagb-infobox-icon-above-title uagb-infobox-image-valign-top\"><div class=\"uagb-ifb-content\"><div class=\"uagb-ifb-icon-wrap\"><svg xmlns=\"https:\/\/www.w3.org\/2000\/svg\" viewbox=\"0 0 512 512\"><path d=\"M256 224C238.4 224 223.1 238.4 223.1 256S238.4 288 256 288c17.63 0 32-14.38 32-32S273.6 224 256 224zM470.2 128c-10.88-19.5-40.51-50.75-116.3-41.88C332.4 34.88 299.6 0 256 0S179.6 34.88 158.1 86.12C82.34 77.38 52.71 108.5 41.83 128c-16.38 29.38-14.91 73.12 25.23 128c-40.13 54.88-41.61 98.63-25.23 128c29.13 52.38 101.6 43.63 116.3 41.88C179.6 477.1 212.4 512 256 512s76.39-34.88 97.9-86.13C368.5 427.6 441 436.4 470.2 384c16.38-29.38 14.91-73.13-25.23-128C485.1 201.1 486.5 157.4 470.2 128zM95.34 352c-4.001-7.25-.1251-24.75 15-48.25c6.876 6.5 14.13 12.87 21.88 19.12c1.625 13.75 4.001 27.13 6.751 40.13C114.3 363.9 99.09 358.6 95.34 352zM132.2 189.1C124.5 195.4 117.2 201.8 110.3 208.2C95.22 184.8 91.34 167.2 95.34 160c3.376-6.125 16.38-11.5 37.88-11.5c1.75 0 3.876 .375 5.751 .375C136.1 162.2 133.8 175.6 132.2 189.1zM256 64c9.502 0 22.25 13.5 33.88 37.25C278.6 105 267.4 109.3 256 114.1C244.6 109.3 233.4 105 222.1 101.2C233.7 77.5 246.5 64 256 64zM256 448c-9.502 0-22.25-13.5-33.88-37.25C233.4 407 244.6 402.7 256 397.9c11.38 4.875 22.63 9.135 33.88 12.89C278.3 434.5 265.5 448 256 448zM256 336c-44.13 0-80.02-35.88-80.02-80S211.9 176 256 176s80.02 35.88 80.02 80S300.1 336 256 336zM416.7 352c-3.626 6.625-19 11.88-43.63 11c2.751-12.1 5.126-26.38 6.751-40.13c7.752-6.25 15-12.63 21.88-19.12C416.8 327.2 420.7 344.8 416.7 352zM401.7 208.2c-6.876-6.5-14.13-12.87-21.88-19.12c-1.625-13.5-3.876-26.88-6.751-40.25c1.875 0 4.001-.375 5.751-.375c21.5 0 34.51 5.375 37.88 11.5C420.7 167.2 416.8 184.8 401.7 208.2z\"><\/path><\/svg><\/div><div class=\"uagb-ifb-title-wrap\"><h3 class=\"uagb-ifb-title\">Innovation<\/h3><\/div><p class=\"uagb-ifb-desc\">Using unconventional methods to reach people by combining creativity and faith to make a positive impact.<\/p><\/div><\/div>\n<\/div>\n<\/div><\/section>\n\n\n\n<section class=\"wp-block-uagb-columns uagb-columns__wrap uagb-columns__background-none uagb-columns__stack-mobile uagb-columns__valign- uagb-columns__gap-10 align uagb-block-720c160e uagb-columns__columns-2 uagb-columns__max_width-theme\"><div class=\"uagb-columns__overlay\"><\/div><div class=\"uagb-columns__inner-wrap uagb-columns__columns-2\">\n<div class=\"wp-block-uagb-column uagb-column__wrap uagb-column__background-undefined uagb-block-08b57cc2\"><div class=\"uagb-column__overlay\"><\/div>\n<div class=\"wp-block-uagb-info-box uagb-block-f49a33e0 uagb-infobox__content-wrap  uagb-infobox-icon-above-title uagb-infobox-image-valign-top\"><div class=\"uagb-ifb-content\"><div class=\"uagb-ifb-icon-wrap\"><svg xmlns=\"https:\/\/www.w3.org\/2000\/svg\" viewbox=\"0 0 512 512\"><path d=\"M256.3-.0068C261.9-.0507 267.3 1.386 272.1 4.066L476.5 90.53C487.7 95.27 495.2 105.1 495.9 118.1C501.6 213.6 466.7 421.9 272.5 507.7C267.6 510.5 261.1 512.1 256.3 512C250.5 512.1 244.9 510.5 239.1 507.7C45.8 421.9 10.95 213.6 16.57 118.1C17.28 105.1 24.83 95.27 36.04 90.53L240.4 4.066C245.2 1.386 250.7-.0507 256.3-.0068H256.3zM266.1 363.4L364.2 263.6C392.2 234.7 390.5 186.6 358.1 159.5C331.8 135.8 291.5 140.2 266.1 166.5L256.4 176.1L245.9 166.5C221.4 140.2 180.2 135.8 153 159.5C121.5 186.6 119.8 234.7 147.8 263.6L244.2 363.4C251.2 369.5 260.8 369.5 266.1 363.4V363.4z\"><\/path><\/svg><\/div><div class=\"uagb-ifb-title-wrap\"><h3 class=\"uagb-ifb-title\">Service<\/h3><\/div><p class=\"uagb-ifb-desc\">To inspire and lead by example, putting the needs of the community at the center of every action.<\/p><\/div><\/div>\n<\/div>\n\n\n\n<div class=\"wp-block-uagb-column uagb-column__wrap uagb-column__background-undefined uagb-block-adbdbdaf\"><div class=\"uagb-column__overlay\"><\/div>\n<div class=\"wp-block-uagb-info-box uagb-block-de17233b uagb-infobox__content-wrap  uagb-infobox-icon-above-title uagb-infobox-image-valign-top\"><div class=\"uagb-ifb-content\"><div class=\"uagb-ifb-icon-wrap\"><svg xmlns=\"https:\/\/www.w3.org\/2000\/svg\" viewbox=\"0 0 512 512\"><path d=\"M288 167.2V139.1c-28.25-36.38-47.13-79.29-54.13-125.2C231.7 .4054 214.8-5.02 206.1 5.481C184.1 30.36 168.4 59.7 157.2 92.07C191.4 130.3 237.2 156.7 288 167.2zM400 63.97c-44.25 0-79.1 35.82-79.1 80.08l.0014 59.44c-104.4-6.251-193-70.46-233-161.7C81.48 29.25 63.76 28.58 58.01 40.83C41.38 75.96 32.01 115.2 32.01 156.6c0 70.76 34.11 136.9 85.11 185.9c13.12 12.75 26.13 23.27 38.88 32.77L12.12 411.2c-10.75 2.75-15.5 15.09-9.5 24.47c17.38 26.88 60.42 72.54 153.2 76.29c8 .25 15.99-2.633 22.12-7.883l65.23-56.12l76.84 .0561c88.38 0 160-71.49 160-159.9l.0013-160.2l31.1-63.99L400 63.97zM400 160.1c-8.75 0-16.01-7.259-16.01-16.01c0-8.876 7.261-16.05 16.01-16.05s15.99 7.136 15.99 16.01C416 152.8 408.8 160.1 400 160.1z\"><\/path><\/svg><\/div><div class=\"uagb-ifb-title-wrap\"><h3 class=\"uagb-ifb-title\">Hope<\/h3><\/div><p class=\"uagb-ifb-desc\">To be a beacon of light and opportunity amidst challenges, showing that there is always a path to a better future.<\/p><\/div><\/div>\n<\/div>\n<\/div><\/section>\n<\/div><\/div>\n\n\n\n<p><\/p>","protected":false},"excerpt":{"rendered":"<p>Visi\u00f3n La Fundaci\u00f3n Capaz cree y est\u00e1 comprometida con que, a trav\u00e9s del arte, la danza, la cultura y el turismo, contribuir\u00e1 al desarrollo de una comunidad de paz y transformaci\u00f3n social en la zona norte de Bucaramanga.En un plazo de cinco a\u00f1os, la Fundaci\u00f3n Capaz se proyecta como uno de los mejores referentes en [&hellip;]<\/p>\n","protected":false},"author":1,"featured_media":0,"parent":0,"menu_order":0,"comment_status":"closed","ping_status":"closed","template":"","meta":{"_uag_custom_page_level_css":"","site-sidebar-layout":"no-sidebar","site-content-layout":"page-builder","ast-site-content-layout":"full-width-container","site-content-style":"unboxed","site-sidebar-style":"unboxed","ast-global-header-display":"","ast-banner-title-visibility":"","ast-main-header-display":"","ast-hfb-above-header-display":"","ast-hfb-below-header-display":"","ast-hfb-mobile-header-display":"","site-post-title":"disabled","ast-breadcrumbs-content":"","ast-featured-img":"disabled","footer-sml-layout":"","ast-disable-related-posts":"","theme-transparent-header-meta":"enabled","adv-header-id-meta":"","stick-header-meta":"","header-above-stick-meta":"","header-main-stick-meta":"","header-below-stick-meta":"","astra-migrate-meta-layouts":"set","ast-page-background-enabled":"default","ast-page-background-meta":{"desktop":{"background-color":"var(--ast-global-color-5)","background-image":"","background-repeat":"repeat","background-position":"center center","background-size":"auto","background-attachment":"scroll","background-type":"","background-media":"","overlay-type":"","overlay-color":"","overlay-opacity":"","overlay-gradient":""},"tablet":{"background-color":"","background-image":"","background-repeat":"repeat","background-position":"center center","background-size":"auto","background-attachment":"scroll","background-type":"","background-media":"","overlay-type":"","overlay-color":"","overlay-opacity":"","overlay-gradient":""},"mobile":{"background-color":"","background-image":"","background-repeat":"repeat","background-position":"center center","background-size":"auto","background-attachment":"scroll","background-type":"","background-media":"","overlay-type":"","overlay-color":"","overlay-opacity":"","overlay-gradient":""}},"ast-content-background-meta":{"desktop":{"background-color":"var(--ast-global-color-4)","background-image":"","background-repeat":"repeat","background-position":"center center","background-size":"auto","background-attachment":"scroll","background-type":"","background-media":"","overlay-type":"","overlay-color":"","overlay-opacity":"","overlay-gradient":""},"tablet":{"background-color":"var(--ast-global-color-4)","background-image":"","background-repeat":"repeat","background-position":"center center","background-size":"auto","background-attachment":"scroll","background-type":"","background-media":"","overlay-type":"","overlay-color":"","overlay-opacity":"","overlay-gradient":""},"mobile":{"background-color":"var(--ast-global-color-4)","background-image":"","background-repeat":"repeat","background-position":"center center","background-size":"auto","background-attachment":"scroll","background-type":"","background-media":"","overlay-type":"","overlay-color":"","overlay-opacity":"","overlay-gradient":""}},"footnotes":""},"class_list":["post-2620","page","type-page","status-publish","hentry"],"_hostinger_reach_plugin_has_subscription_block":false,"_hostinger_reach_plugin_is_elementor":false,"uagb_featured_image_src":{"full":false,"thumbnail":false,"medium":false,"medium_large":false,"large":false,"1536x1536":false,"2048x2048":false,"trp-custom-language-flag":false,"woocommerce_thumbnail":false,"woocommerce_single":false,"woocommerce_gallery_thumbnail":false},"uagb_author_info":{"display_name":"wilgch@gmail.com","author_link":"https:\/\/fundacionculturaarteypaz.org\/en\/author\/wilgchgmail-com\/"},"uagb_comment_info":0,"uagb_excerpt":"Visi\u00f3n La Fundaci\u00f3n Capaz cree y est\u00e1 comprometida con que, a trav\u00e9s del arte, la danza, la cultura y el turismo, contribuir\u00e1 al desarrollo de una comunidad de paz y transformaci\u00f3n social en la zona norte de Bucaramanga.En un plazo de cinco a\u00f1os, la Fundaci\u00f3n Capaz se proyecta como uno de los mejores referentes en&hellip;","_links":{"self":[{"href":"https:\/\/fundacionculturaarteypaz.org\/en\/wp-json\/wp\/v2\/pages\/2620","targetHints":{"allow":["GET"]}}],"collection":[{"href":"https:\/\/fundacionculturaarteypaz.org\/en\/wp-json\/wp\/v2\/pages"}],"about":[{"href":"https:\/\/fundacionculturaarteypaz.org\/en\/wp-json\/wp\/v2\/types\/page"}],"author":[{"embeddable":true,"href":"https:\/\/fundacionculturaarteypaz.org\/en\/wp-json\/wp\/v2\/users\/1"}],"replies":[{"embeddable":true,"href":"https:\/\/fundacionculturaarteypaz.org\/en\/wp-json\/wp\/v2\/comments?post=2620"}],"version-history":[{"count":22,"href":"https:\/\/fundacionculturaarteypaz.org\/en\/wp-json\/wp\/v2\/pages\/2620\/revisions"}],"predecessor-version":[{"id":3724,"href":"https:\/\/fundacionculturaarteypaz.org\/en\/wp-json\/wp\/v2\/pages\/2620\/revisions\/3724"}],"wp:attachment":[{"href":"https:\/\/fundacionculturaarteypaz.org\/en\/wp-json\/wp\/v2\/media?parent=2620"}],"curies":[{"name":"wp","href":"https:\/\/api.w.org\/{rel}","templated":true}]}}